{"id":8286,"date":"2021-09-26T06:52:07","date_gmt":"2021-09-26T03:52:07","guid":{"rendered":"https:\/\/inastra.lt\/zimmer-und-preise\/"},"modified":"2024-02-03T21:05:46","modified_gmt":"2024-02-03T19:05:46","slug":"pokoje-i-ceny","status":"publish","type":"page","link":"https:\/\/inastra.lt\/pl\/pokoje-i-ceny\/","title":{"rendered":"Pokoje i ceny"},"content":{"rendered":"<p>[vc_row][vc_column width=&#8221;1\/2&#8243;][vc_gallery interval=&#8221;3&#8243; images=&#8221;5149,5150,5146,5165,5163,5162,5161,5148,5147&#8243; img_size=&#8221;600&#215;500&#8243;][\/vc_column][vc_column width=&#8221;1\/2&#8243;][vc_column_text]W jasnych pokojach, wyposa\u017conych w drewniane meble w naturalnych kolorach, dzia\u0142a bezp\u0142atny internet bezprzewodowy i telewizja kablowa, jest biurko i lod\u00f3wka. Ka\u017cdy pok\u00f3j jest wyposa\u017cony w prysznic, wc, suszark\u0119 do w\u0142os\u00f3w, akcesoria \u0142azienkowe, cena po\u015bcieli i r\u0119cznik\u00f3w jest wliczona w cen\u0119 pokoju. Niekt\u00f3re pokoje maj\u0105 balkony.[\/vc_column_text][vc_empty_space][vc_column_text]<strong>Samorz\u0105d m. st. Wilna od 1 lipca 2018 r. zacz\u0105\u0142 stosowa\u0107 op\u0142at\u0119 turystyczn\u0105 w wysoko\u015bci 2 euro za osob\u0119 za jedn\u0105 noc. Op\u0142ata turystyczna nie jest wliczona w ca\u0142kowit\u0105 cen\u0119 us\u0142ugi noclegu i jest p\u0142atna na podstawie odr\u0119bnej faktury hotelowej.<\/strong>[\/vc_column_text][vc_empty_space][vc_column_text]<strong>Dla grup i na okres powy\u017cej 3-ech d\u00f3b obowi\u0105zuje 10 proc. rabatu.<\/strong>[\/vc_column_text][vc_empty_space][vc_column_text]Do pokoju mo\u017ce zosta\u0107 dostawione nie wi\u0119cej ni\u017c 1 dodatkowe \u0142\u00f3\u017cko 15 Euro za dob\u0119 na osob\u0119 bez \u015bniadania.[\/vc_column_text][\/vc_column][\/vc_row][vc_row disable_element=&#8221;yes&#8221; css=&#8221;.vc_custom_1637867798910{background-color: #dd3333 !important;}&#8221;][vc_column width=&#8221;1\/4&#8243;][\/vc_column][vc_column width=&#8221;1\/2&#8243;][vc_column_text]<\/p>\n<h3 style=\"text-align: center;\"><span style=\"color: #000000;\">Grup\u0117ms ir ilgesniam nei 3-j\u0173 par\u0173 laikotarpiui taikome 10 proc. nuolaid\u0105.<\/span><\/h3>\n<p>[\/vc_column_text][\/vc_column][vc_column width=&#8221;1\/4&#8243;][\/vc_column][\/vc_row][vc_row disable_element=&#8221;yes&#8221;][vc_column width=&#8221;1\/2&#8243;][vc_column_text]Atvykusiems su ma\u017eesniu nei 2-j\u0173 met\u0173 vaiku\u010diu, kambaryje gali b\u016bti pristatyta vaiki\u0161ka lovyt\u0117 nemokamai. Maloniai pra\u0161ome prane\u0161ti i\u0161 anksto.<br \/>\nVis\u0173 vaiki\u0161k\u0173 loveli\u0173 ir papildom\u0173 lov\u0173 suteikimas priklauso nuo vie\u0161bu\u010dio u\u017eimtumo.<br \/>\nJoki\u0173 am\u017eiaus apribojim\u0173 sve\u010diams n\u0117ra.<br \/>\n\u012esiregistruojant \u012f vie\u0161but\u012f n\u0117ra minimalaus am\u017eiaus reikalavimo.[\/vc_column_text][\/vc_column][vc_column width=&#8221;1\/2&#8243;][vc_column_text]Vie\u0161butyje grie\u017etai draud\u017eiama r\u016bkyti.<br \/>\nRenginiai ar vakar\u0117liai vie\u0161butyje neleid\u017eiami.<br \/>\nRamyb\u0117s valandos vie\u0161butyje yra nuo 22:00 val. iki 7:00 val.<br \/>\nGyv\u016bnai yra priimami i\u0161 anksto susitarus su vie\u0161bu\u010diu. Paslauga gali b\u016bti mokama.[\/vc_column_text][\/vc_column][\/vc_row][vc_row][vc_column][vc_empty_space][vc_column_text]<\/p>\n<h3>Pokoje i ceny<\/h3>\n<p>[\/vc_column_text][vc_empty_space height=&#8221;20&#8243;][\/vc_column][\/vc_row][vc_row][vc_column width=&#8221;1\/2&#8243;][vc_column_text]<\/p>\n<table border=\"2\" width=\"510\" cellspacing=\"0\" cellpadding=\"0\">\n<tbody>\n<tr>\n<th rowspan=\"2\" width=\"170\" height=\"20\"><span style=\"font-weight: 300;\">\u00a0<\/span><\/th>\n<th colspan=\"2\" width=\"340\" height=\"20\"><span style=\"font-weight: 300;\">Cena, \u20ac<\/span><\/th>\n<\/tr>\n<tr>\n<th width=\"170\" height=\"20\">Stycze\u0144 \u2013 Kwiecie\u0144,<br \/>\nPa\u017adziernik \u2013 Grudzie\u0144<\/th>\n<th width=\"170\">Maj \u2013 Wrzesie\u0144<\/th>\n<\/tr>\n<tr>\n<th height=\"20\"><strong>Jedna osoba<\/strong><\/th>\n<td align=\"center\">40,-<\/td>\n<td align=\"center\">50,-<\/td>\n<\/tr>\n<tr>\n<th height=\"20\">Pok\u00f3j dwuosobowy<\/th>\n<td align=\"center\">50,-<\/td>\n<td align=\"center\">60,-<\/td>\n<\/tr>\n<tr>\n<th height=\"20\">Pok\u00f3j trzyosobowy<\/th>\n<td align=\"center\">60,-<\/td>\n<td align=\"center\">70,-<\/td>\n<\/tr>\n<tr>\n<th height=\"20\">Pok\u00f3j czteroosobowy<\/th>\n<td align=\"center\">70,-<\/td>\n<td align=\"center\">80,-<\/td>\n<\/tr>\n<\/tbody>\n<\/table>\n<p>[\/vc_column_text][vc_column_text]Cen\u0119 podaje si\u0119 za pok\u00f3j bez \u015bniadania za 1 dob\u0119.<\/p>\n<p>Cena \u015bniadania \u2013 10 Euro\/osob\u0119.[\/vc_column_text][\/vc_column][vc_column width=&#8221;1\/2&#8243;][vc_column_text]Mo\u017cesz bezp\u0142atnie zmieni\u0107 lub anulowa\u0107 rezerwacj\u0119 telefonicznie +37061880199 lub e-mailem info@inastra.lt. Prosimy o poinformowanie nas nie p\u00f3\u017aniej ni\u017c 1 dzie\u0144 przed rozpocz\u0119ciem rezerwacji.<\/p>\n<p><strong>P\u0142atno\u015b\u0107 za nocleg dokonywana jest w dniu przyjazdu do hotelu got\u00f3wk\u0105 lub kart\u0105 kredytow\u0105.<\/strong>[\/vc_column_text][vc_single_image image=&#8221;5241&#8243; img_size=&#8221;full&#8221;][\/vc_column][\/vc_row][vc_row][vc_column][vc_empty_space height=&#8221;80&#8243;][\/vc_column][\/vc_row]<\/p>\n","protected":false},"excerpt":{"rendered":"<p>[vc_row][vc_column width=&#8221;1\/2&#8243;][vc_gallery interval=&#8221;3&#8243; images=&#8221;5149,5150,5146,5165,5163,5162,5161,5148,5147&#8243; img_size=&#8221;600&#215;500&#8243;][\/vc_column][vc_column width=&#8221;1\/2&#8243;][vc_column_text]W jasnych pokojach, wyposa\u017conych w drewniane meble w naturalnych kolorach, dzia\u0142a bezp\u0142atny internet bezprzewodowy [&hellip;]<\/p>\n","protected":false},"author":1,"featured_media":0,"parent":0,"menu_order":0,"comment_status":"closed","ping_status":"closed","template":"","meta":{"footnotes":""},"class_list":["post-8286","page","type-page","status-publish","hentry"],"_links":{"self":[{"href":"https:\/\/inastra.lt\/pl\/wp-json\/wp\/v2\/pages\/8286","targetHints":{"allow":["GET"]}}],"collection":[{"href":"https:\/\/inastra.lt\/pl\/wp-json\/wp\/v2\/pages"}],"about":[{"href":"https:\/\/inastra.lt\/pl\/wp-json\/wp\/v2\/types\/page"}],"author":[{"embeddable":true,"href":"https:\/\/inastra.lt\/pl\/wp-json\/wp\/v2\/users\/1"}],"replies":[{"embeddable":true,"href":"https:\/\/inastra.lt\/pl\/wp-json\/wp\/v2\/comments?post=8286"}],"version-history":[{"count":8,"href":"https:\/\/inastra.lt\/pl\/wp-json\/wp\/v2\/pages\/8286\/revisions"}],"predecessor-version":[{"id":8494,"href":"https:\/\/inastra.lt\/pl\/wp-json\/wp\/v2\/pages\/8286\/revisions\/8494"}],"wp:attachment":[{"href":"https:\/\/inastra.lt\/pl\/wp-json\/wp\/v2\/media?parent=8286"}],"curies":[{"name":"wp","href":"https:\/\/api.w.org\/{rel}","templated":true}]}}